{"id":101,"date":"2021-10-17T10:22:33","date_gmt":"2021-10-17T10:22:33","guid":{"rendered":"https:\/\/www.thaihungjsc.com\/vn\/?page_id=101"},"modified":"2021-10-18T10:25:11","modified_gmt":"2021-10-18T10:25:11","slug":"nang-luc-tai-chinh","status":"publish","type":"page","link":"https:\/\/www.thaihungjsc.com\/vn\/index.php\/gioi-thieu\/nang-luc-tai-chinh\/","title":{"rendered":"N\u0103ng L\u1ef1c T\u00e0i Ch\u00ednh"},"content":{"rendered":"\n<p style=\"font-size:17px\">Doanh thu t\u1eeb ho\u1ea1t \u0111\u1ed9ng x\u00e2y d\u1ef1ng<\/p>\n\n\n\n<div class=\"wp-block-columns is-layout-flex wp-container-core-columns-is-layout-9d6595d7 wp-block-columns-is-layout-flex\">\n<div class=\"wp-block-column is-layout-flow wp-block-column-is-layout-flow\" style=\"flex-basis:280px\">\n<p class=\"has-text-align-center has-luminous-vivid-amber-background-color has-background has-normal-font-size\">2018<br><br>257.527.949.305,00<\/p>\n<\/div>\n\n\n\n<div class=\"wp-block-column is-layout-flow wp-block-column-is-layout-flow\" style=\"flex-basis:280px\">\n<p class=\"has-text-align-center has-light-green-cyan-background-color has-background has-normal-font-size\">2019<br><br>203.932.275.588,00<\/p>\n<\/div>\n\n\n\n<div class=\"wp-block-column is-layout-flow wp-block-column-is-layout-flow\" style=\"flex-basis:280px\">\n<p class=\"has-text-align-center has-pale-cyan-blue-background-color has-background has-normal-font-size\">2020<br><br>180.145.590.406,00<\/p>\n<\/div>\n\n\n\n<div class=\"wp-block-column is-layout-flow wp-block-column-is-layout-flow\" style=\"flex-basis:300px\">\n<p class=\"has-text-align-center has-pale-cyan-blue-background-color has-background has-normal-font-size\">B\u00ecnh Qu\u00e2n H\u00e0ng N\u0103m<br><br>213.868.605.099,00 <\/p>\n<\/div>\n<\/div>\n\n\n\n<p style=\"font-size:17px\">T\u00edn d\u1ee5ng v\u00e0 h\u1ee3p \u0111\u1ed3ng:<\/p>\n\n\n\n<ul class=\"wp-block-list\" style=\"font-size:17px\"><li>Ng\u00e2n h\u00e0ng th\u01b0\u01a1ng m\u1ea1i cung c\u1ea5p t\u00edn d\u1ee5ng: Ng\u00e2n h\u00e0ng \u0111\u1ea7u t\u01b0 v\u00e0 ph\u00e1t tri\u1ec3n Vi\u1ec7t Nam, CN B\u00ecnh Th\u1ea1nh<\/li><li>T\u1ed5ng s\u1ed1 ti\u1ec1n t\u00edn d\u1ee5ng: C\u00f4ng ty cam k\u1ebft \u0111\u1ea3m b\u1ea3o cung c\u1ea5p \u0111\u1ee7 v\u1ed1n \u0111\u1ec3 thi c\u00f4ng c\u00e1c c\u00f4ng tr\u00ecnh \u0111\u00fang ti\u1ebfn \u0111\u1ed9<\/li><\/ul>\n","protected":false},"excerpt":{"rendered":"<p>Doanh thu t\u1eeb ho\u1ea1t \u0111\u1ed9ng x\u00e2y d\u1ef1ng 2018 257.527.949.305,00 2019 203.932.275.588,00 2020 180.145.590.406,00 B\u00ecnh Qu\u00e2n H\u00e0ng N\u0103m 213.868.605.099,00 T\u00edn d\u1ee5ng v\u00e0 h\u1ee3p \u0111\u1ed3ng: Ng\u00e2n h\u00e0ng th\u01b0\u01a1ng m\u1ea1i cung c\u1ea5p t\u00edn d\u1ee5ng: Ng\u00e2n h\u00e0ng \u0111\u1ea7u t\u01b0 v\u00e0 ph\u00e1t tri\u1ec3n Vi\u1ec7t Nam, CN B\u00ecnh Th\u1ea1nh T\u1ed5ng s\u1ed1 ti\u1ec1n t\u00edn d\u1ee5ng: C\u00f4ng ty cam k\u1ebft \u0111\u1ea3m b\u1ea3o cung [&hellip;]<\/p>\n","protected":false},"author":1,"featured_media":0,"parent":69,"menu_order":2,"comment_status":"closed","ping_status":"closed","template":"","meta":{"footnotes":""},"class_list":["post-101","page","type-page","status-publish","hentry"],"_links":{"self":[{"href":"https:\/\/www.thaihungjsc.com\/vn\/index.php\/wp-json\/wp\/v2\/pages\/101","targetHints":{"allow":["GET"]}}],"collection":[{"href":"https:\/\/www.thaihungjsc.com\/vn\/index.php\/wp-json\/wp\/v2\/pages"}],"about":[{"href":"https:\/\/www.thaihungjsc.com\/vn\/index.php\/wp-json\/wp\/v2\/types\/page"}],"author":[{"embeddable":true,"href":"https:\/\/www.thaihungjsc.com\/vn\/index.php\/wp-json\/wp\/v2\/users\/1"}],"replies":[{"embeddable":true,"href":"https:\/\/www.thaihungjsc.com\/vn\/index.php\/wp-json\/wp\/v2\/comments?post=101"}],"version-history":[{"count":14,"href":"https:\/\/www.thaihungjsc.com\/vn\/index.php\/wp-json\/wp\/v2\/pages\/101\/revisions"}],"predecessor-version":[{"id":249,"href":"https:\/\/www.thaihungjsc.com\/vn\/index.php\/wp-json\/wp\/v2\/pages\/101\/revisions\/249"}],"up":[{"embeddable":true,"href":"https:\/\/www.thaihungjsc.com\/vn\/index.php\/wp-json\/wp\/v2\/pages\/69"}],"wp:attachment":[{"href":"https:\/\/www.thaihungjsc.com\/vn\/index.php\/wp-json\/wp\/v2\/media?parent=101"}],"curies":[{"name":"wp","href":"https:\/\/api.w.org\/{rel}","templated":true}]}}