{"id":2,"date":"2021-09-03T08:20:11","date_gmt":"2021-09-03T08:20:11","guid":{"rendered":"https:\/\/thaihungjsc.com\/vn\/?page_id=2"},"modified":"2022-06-24T08:28:02","modified_gmt":"2022-06-24T08:28:02","slug":"gioi-thieu-1","status":"publish","type":"page","link":"https:\/\/www.thaihungjsc.com\/vn\/","title":{"rendered":"L\u1edcI CH\u00c0O"},"content":{"rendered":"\n<p style=\"font-size:15px\"><strong>C\u00f4ng ty C\u1ed5 ph\u1ea7n \u0110\u1ea7u t\u01b0 X\u00e2y d\u1ef1ng Th\u00e1i H\u01b0ng<\/strong> xin g\u1eedi t\u1edbi Qu\u00fd kh\u00e1ch h\u00e0ng v\u00e0 \u0110\u1ed1i t\u00e1c l\u1eddi ch\u00e0o tr\u00e2n tr\u1ecdng nh\u1ea5t !<br><br>C\u00f4ng ty C\u1ed5 Ph\u1ea7n \u0110\u1ea7u t\u01b0 X\u00e2y d\u1ef1ng Th\u00e1i H\u01b0ng \u0111\u01b0\u1ee3c th\u00e0nh l\u1eadp t\u1eeb n\u0103m 2012, tr\u1ea3i qua g\u1ea7n m\u1ed9t th\u1eadp k\u1ef7 h\u00ecnh th\u00e0nh v\u00e0 ph\u00e1t tri\u1ec3n, v\u1edbi m\u1ee5c ti\u00eau ph\u00e1t tri\u1ec3n B\u1ec1n v\u1eefng, Chuy\u00ean nghi\u1ec7p, Ph\u1ee5c v\u1ee5 t\u1ed1t nh\u1ea5t cho x\u00e3 h\u1ed9i, v\u00e0 mang \u0111\u1ebfn s\u1ef1 h\u00e0i l\u00f2ng cho kh\u00e1ch h\u00e0ng.<br><br>N\u1ec1n t\u1ea3ng c\u1ee7a ch\u00fang t\u00f4i l\u00e0 m\u1ed9t b\u1ed9 m\u00e1y qu\u1ea3n l\u00fd nhi\u1ec1u kinh nghi\u1ec7m t\u1eeb c\u00e1c l\u0129nh v\u1ef1c nh\u01b0 qu\u1ea3n l\u00fd nh\u00e0 n\u01b0\u1edbc, qu\u1ea3n l\u00fd d\u1ef1 \u00e1n, thi c\u00f4ng c\u00f4ng tr\u00ecnh c\u00f9ng v\u1edbi \u0111\u1ed9i ng\u0169 k\u1ef9 s\u01b0 c\u00f3 tr\u00ecnh \u0111\u1ed9 k\u1ef9 thu\u1eadt cao, c\u00f4ng nh\u00e2n l\u00e0nh ngh\u1ec1, C\u00f4ng ty C\u1ed5 ph\u1ea7n \u0110\u1ea7u T\u01b0 X\u00e2y d\u1ef1ng Th\u00e1i H\u01b0ng lu\u00f4n n\u1ed7 l\u1ef1c ph\u1ea5n \u0111\u1ea5u \u0111\u1ec3 cung c\u1ea5p d\u1ecbch v\u1ee5 c\u00f3 gi\u00e1 tr\u1ecb ho\u00e0n h\u1ea3o nh\u1ea5t cho Qu\u00fd kh\u00e1ch, \u0111\u1ea3m b\u1ea3o ch\u1ea5t l\u01b0\u1ee3ng c\u00f4ng tr\u00ecnh, \u0111\u00fang ti\u1ebfn \u0111\u1ed9 v\u00e0 gi\u1ea3m gi\u00e1 th\u00e0nh. \u0110\u00e1p \u1ee9ng \u0111\u01b0\u1ee3c y\u00eau c\u1ea7u c\u1ee7a Ch\u1ee7 \u0111\u1ea7u t\u01b0 c\u0169ng nh\u01b0 hi\u1ec7u qu\u1ea3 \u0111\u1ea7u t\u01b0d\u1ef1 \u00e1n v\u00e0 mang l\u1ea1i l\u1ee3i \u00edch cho c\u00e1c \u0111\u1ed1i t\u00e1c c\u1ee7a c\u00f4ng ty.<br><br>C\u00e1c c\u00f4ng tr\u00ecnh \u0111\u00e3 v\u00e0 \u0111ang th\u1ef1c hi\u1ec7n b\u1edfi Ch\u00fang t\u00f4i li\u00ean t\u1ee5c gi\u00e0nh \u0111\u01b0\u1ee3c s\u1ef1 t\u00edn nhi\u1ec7m c\u1ee7a c\u00e1c kh\u00e1ch h\u00e0ng, t\u1eebng b\u01b0\u1edbc kh\u1eb3ng \u0111\u1ecbnh v\u1ecb th\u1ebf c\u1ee7a m\u00ecnh trong th\u1ecb tr\u01b0\u1eddng ng\u00e0nh N\u1ea1o v\u00e9t, x\u00e2y d\u1ef1ng, s\u1eeda ch\u1eefa c\u00f4ng tr\u00ecnh th\u1ee7y.<br><br>V\u1edbi ti\u00eau ch\u00ed \u201c<strong>S\u1ef0 H\u00c0I L\u00d2NG C\u1ee6A KH\u00c1CH H\u00c0NG L\u00c0 H\u1ea0NH PH\u00daC C\u1ee6A CH\u00daNG T\u00d4I<\/strong>\u201c, ch\u00fang t\u00f4i lu\u00f4n s\u1eb5n s\u00e0ng \u0111\u1ec3 b\u1eaft tay v\u00e0o tri\u1ec3n khai d\u1ef1 \u00e1n t\u1edbi v\u1edbi tinh th\u1ea7n tr\u00e1ch nhi\u1ec7m cao v\u00e0 \u01b0\u1edbc mong ti\u1ebfp t\u1ee5c nh\u1eadn \u0111\u01b0\u1ee3c s\u1ef1 c\u1ed9ng t\u00e1c ch\u1eb7t ch\u1ebd v\u00e0 \u1ee7ng h\u1ed9 c\u1ee7a c\u00e1c qu\u00fd v\u1ecb.<br><br>Tr\u00e2n tr\u1ecdng !<\/p>\n","protected":false},"excerpt":{"rendered":"<p>C\u00f4ng ty C\u1ed5 ph\u1ea7n \u0110\u1ea7u t\u01b0 X\u00e2y d\u1ef1ng Th\u00e1i H\u01b0ng xin g\u1eedi t\u1edbi Qu\u00fd kh\u00e1ch h\u00e0ng v\u00e0 \u0110\u1ed1i t\u00e1c l\u1eddi ch\u00e0o tr\u00e2n tr\u1ecdng nh\u1ea5t ! C\u00f4ng ty C\u1ed5 Ph\u1ea7n \u0110\u1ea7u t\u01b0 X\u00e2y d\u1ef1ng Th\u00e1i H\u01b0ng \u0111\u01b0\u1ee3c th\u00e0nh l\u1eadp t\u1eeb n\u0103m 2012, tr\u1ea3i qua g\u1ea7n m\u1ed9t th\u1eadp k\u1ef7 h\u00ecnh th\u00e0nh v\u00e0 ph\u00e1t tri\u1ec3n, v\u1edbi m\u1ee5c ti\u00eau [&hellip;]<\/p>\n","protected":false},"author":1,"featured_media":0,"parent":0,"menu_order":0,"comment_status":"closed","ping_status":"closed","template":"","meta":{"footnotes":""},"class_list":["post-2","page","type-page","status-publish","hentry"],"_links":{"self":[{"href":"https:\/\/www.thaihungjsc.com\/vn\/index.php\/wp-json\/wp\/v2\/pages\/2","targetHints":{"allow":["GET"]}}],"collection":[{"href":"https:\/\/www.thaihungjsc.com\/vn\/index.php\/wp-json\/wp\/v2\/pages"}],"about":[{"href":"https:\/\/www.thaihungjsc.com\/vn\/index.php\/wp-json\/wp\/v2\/types\/page"}],"author":[{"embeddable":true,"href":"https:\/\/www.thaihungjsc.com\/vn\/index.php\/wp-json\/wp\/v2\/users\/1"}],"replies":[{"embeddable":true,"href":"https:\/\/www.thaihungjsc.com\/vn\/index.php\/wp-json\/wp\/v2\/comments?post=2"}],"version-history":[{"count":9,"href":"https:\/\/www.thaihungjsc.com\/vn\/index.php\/wp-json\/wp\/v2\/pages\/2\/revisions"}],"predecessor-version":[{"id":542,"href":"https:\/\/www.thaihungjsc.com\/vn\/index.php\/wp-json\/wp\/v2\/pages\/2\/revisions\/542"}],"wp:attachment":[{"href":"https:\/\/www.thaihungjsc.com\/vn\/index.php\/wp-json\/wp\/v2\/media?parent=2"}],"curies":[{"name":"wp","href":"https:\/\/api.w.org\/{rel}","templated":true}]}}