{"id":27,"date":"2021-09-03T09:26:10","date_gmt":"2021-09-03T09:26:10","guid":{"rendered":"https:\/\/thaihungjsc.com\/vn\/?page_id=27"},"modified":"2021-10-17T11:25:50","modified_gmt":"2021-10-17T11:25:50","slug":"dich-vu","status":"publish","type":"page","link":"https:\/\/www.thaihungjsc.com\/vn\/index.php\/dich-vu\/","title":{"rendered":"D\u1ecaCH V\u1ee4"},"content":{"rendered":"\n<ol class=\"wp-block-list\" style=\"font-size:17px\"><li>N\u1ea1o V\u00e9t C\u1ea3ng Bi\u1ec3n V\u00e0 Lu\u1ed3ng H\u00e0ng H\u1ea3i<\/li><\/ol>\n\n\n\n<p>&#8211;<\/p>\n\n\n\n<figure class=\"wp-block-gallery columns-4 is-cropped wp-block-gallery-1 is-layout-flex wp-block-gallery-is-layout-flex\"><ul class=\"blocks-gallery-grid\"><li class=\"blocks-gallery-item\"><figure><a href=\"https:\/\/www.thaihungjsc.com\/vn\/wp-content\/uploads\/2021\/10\/dich-vu-a-02.jpg\"><img loading=\"lazy\" decoding=\"async\" width=\"1024\" height=\"683\" src=\"https:\/\/www.thaihungjsc.com\/vn\/wp-content\/uploads\/2021\/10\/dich-vu-a-02.jpg\" alt=\"\" data-id=\"112\" data-link=\"https:\/\/www.thaihungjsc.com\/vn\/index.php\/dich-vu\/dich-vu-a-02\/#main\" class=\"wp-image-112\" srcset=\"https:\/\/www.thaihungjsc.com\/vn\/wp-content\/uploads\/2021\/10\/dich-vu-a-02.jpg 1024w, https:\/\/www.thaihungjsc.com\/vn\/wp-content\/uploads\/2021\/10\/dich-vu-a-02-300x200.jpg 300w, https:\/\/www.thaihungjsc.com\/vn\/wp-content\/uploads\/2021\/10\/dich-vu-a-02-768x512.jpg 768w\" sizes=\"auto, (max-width: 1024px) 100vw, 1024px\" \/><\/a><\/figure><\/li><li class=\"blocks-gallery-item\"><figure><a href=\"https:\/\/www.thaihungjsc.com\/vn\/wp-content\/uploads\/2021\/10\/dich-vu-a-01.jpg\"><img loading=\"lazy\" decoding=\"async\" width=\"1024\" height=\"683\" src=\"https:\/\/www.thaihungjsc.com\/vn\/wp-content\/uploads\/2021\/10\/dich-vu-a-01.jpg\" alt=\"\" data-id=\"113\" data-link=\"https:\/\/www.thaihungjsc.com\/vn\/index.php\/dich-vu\/dich-vu-a-01\/#main\" class=\"wp-image-113\" srcset=\"https:\/\/www.thaihungjsc.com\/vn\/wp-content\/uploads\/2021\/10\/dich-vu-a-01.jpg 1024w, https:\/\/www.thaihungjsc.com\/vn\/wp-content\/uploads\/2021\/10\/dich-vu-a-01-300x200.jpg 300w, https:\/\/www.thaihungjsc.com\/vn\/wp-content\/uploads\/2021\/10\/dich-vu-a-01-768x512.jpg 768w\" sizes=\"auto, (max-width: 1024px) 100vw, 1024px\" \/><\/a><\/figure><\/li><li class=\"blocks-gallery-item\"><figure><a href=\"https:\/\/www.thaihungjsc.com\/vn\/wp-content\/uploads\/2021\/10\/dich-vu-a-04.jpg\"><img loading=\"lazy\" decoding=\"async\" width=\"1024\" height=\"683\" src=\"https:\/\/www.thaihungjsc.com\/vn\/wp-content\/uploads\/2021\/10\/dich-vu-a-04.jpg\" alt=\"\" data-id=\"115\" data-full-url=\"https:\/\/www.thaihungjsc.com\/vn\/wp-content\/uploads\/2021\/10\/dich-vu-a-04.jpg\" data-link=\"https:\/\/www.thaihungjsc.com\/vn\/index.php\/dich-vu\/dich-vu-a-04\/#main\" class=\"wp-image-115\" srcset=\"https:\/\/www.thaihungjsc.com\/vn\/wp-content\/uploads\/2021\/10\/dich-vu-a-04.jpg 1024w, https:\/\/www.thaihungjsc.com\/vn\/wp-content\/uploads\/2021\/10\/dich-vu-a-04-300x200.jpg 300w, https:\/\/www.thaihungjsc.com\/vn\/wp-content\/uploads\/2021\/10\/dich-vu-a-04-768x512.jpg 768w\" sizes=\"auto, (max-width: 1024px) 100vw, 1024px\" \/><\/a><\/figure><\/li><li class=\"blocks-gallery-item\"><figure><a href=\"https:\/\/www.thaihungjsc.com\/vn\/wp-content\/uploads\/2021\/10\/dich-vu-a-03.jpg\"><img loading=\"lazy\" decoding=\"async\" width=\"1024\" height=\"683\" src=\"https:\/\/www.thaihungjsc.com\/vn\/wp-content\/uploads\/2021\/10\/dich-vu-a-03.jpg\" alt=\"\" data-id=\"116\" data-full-url=\"https:\/\/www.thaihungjsc.com\/vn\/wp-content\/uploads\/2021\/10\/dich-vu-a-03.jpg\" data-link=\"https:\/\/www.thaihungjsc.com\/vn\/index.php\/dich-vu\/dich-vu-a-03\/#main\" class=\"wp-image-116\" srcset=\"https:\/\/www.thaihungjsc.com\/vn\/wp-content\/uploads\/2021\/10\/dich-vu-a-03.jpg 1024w, https:\/\/www.thaihungjsc.com\/vn\/wp-content\/uploads\/2021\/10\/dich-vu-a-03-300x200.jpg 300w, https:\/\/www.thaihungjsc.com\/vn\/wp-content\/uploads\/2021\/10\/dich-vu-a-03-768x512.jpg 768w\" sizes=\"auto, (max-width: 1024px) 100vw, 1024px\" \/><\/a><\/figure><\/li><\/ul><\/figure>\n\n\n\n<p>&#8211;<\/p>\n\n\n\n<ol class=\"wp-block-list\" start=\"2\" style=\"font-size:17px\"><li>S\u1eeda Ch\u1eefa &amp; X\u00e2y D\u1ef1ng C\u00f4ng Tr\u00ecnh Th\u1ee7y<\/li><\/ol>\n\n\n\n<p>&#8211;<\/p>\n\n\n\n<figure class=\"wp-block-gallery columns-2 is-cropped wp-block-gallery-2 is-layout-flex wp-block-gallery-is-layout-flex\"><ul class=\"blocks-gallery-grid\"><li class=\"blocks-gallery-item\"><figure><a href=\"https:\/\/www.thaihungjsc.com\/vn\/wp-content\/uploads\/2021\/10\/dich-vu-b-02.jpg\"><img loading=\"lazy\" decoding=\"async\" width=\"1024\" height=\"683\" src=\"https:\/\/www.thaihungjsc.com\/vn\/wp-content\/uploads\/2021\/10\/dich-vu-b-02.jpg\" alt=\"\" data-id=\"126\" data-full-url=\"https:\/\/www.thaihungjsc.com\/vn\/wp-content\/uploads\/2021\/10\/dich-vu-b-02.jpg\" data-link=\"https:\/\/www.thaihungjsc.com\/vn\/index.php\/dich-vu\/dich-vu-b-02\/#main\" class=\"wp-image-126\" srcset=\"https:\/\/www.thaihungjsc.com\/vn\/wp-content\/uploads\/2021\/10\/dich-vu-b-02.jpg 1024w, https:\/\/www.thaihungjsc.com\/vn\/wp-content\/uploads\/2021\/10\/dich-vu-b-02-300x200.jpg 300w, https:\/\/www.thaihungjsc.com\/vn\/wp-content\/uploads\/2021\/10\/dich-vu-b-02-768x512.jpg 768w\" sizes=\"auto, (max-width: 1024px) 100vw, 1024px\" \/><\/a><\/figure><\/li><li class=\"blocks-gallery-item\"><figure><a href=\"https:\/\/www.thaihungjsc.com\/vn\/wp-content\/uploads\/2021\/10\/dich-vu-b-01.jpg\"><img loading=\"lazy\" decoding=\"async\" width=\"1024\" height=\"683\" src=\"https:\/\/www.thaihungjsc.com\/vn\/wp-content\/uploads\/2021\/10\/dich-vu-b-01.jpg\" alt=\"\" data-id=\"127\" data-full-url=\"https:\/\/www.thaihungjsc.com\/vn\/wp-content\/uploads\/2021\/10\/dich-vu-b-01.jpg\" data-link=\"https:\/\/www.thaihungjsc.com\/vn\/index.php\/dich-vu\/dich-vu-b-01\/#main\" class=\"wp-image-127\" srcset=\"https:\/\/www.thaihungjsc.com\/vn\/wp-content\/uploads\/2021\/10\/dich-vu-b-01.jpg 1024w, https:\/\/www.thaihungjsc.com\/vn\/wp-content\/uploads\/2021\/10\/dich-vu-b-01-300x200.jpg 300w, https:\/\/www.thaihungjsc.com\/vn\/wp-content\/uploads\/2021\/10\/dich-vu-b-01-768x512.jpg 768w\" sizes=\"auto, (max-width: 1024px) 100vw, 1024px\" \/><\/a><\/figure><\/li><\/ul><\/figure>\n\n\n\n<p>&#8211;<\/p>\n\n\n\n<ol class=\"wp-block-list\" start=\"3\" style=\"font-size:17px\"><li>\u0110\u00f3ng M\u1edbi &amp; L\u1eafp \u0110\u1eb7t Phao Ti\u00eau, B\u00e1o Hi\u1ec7u<\/li><\/ol>\n\n\n\n<p>&#8211;<\/p>\n\n\n\n<figure class=\"wp-block-gallery columns-2 is-cropped wp-block-gallery-3 is-layout-flex wp-block-gallery-is-layout-flex\"><ul class=\"blocks-gallery-grid\"><li class=\"blocks-gallery-item\"><figure><a href=\"https:\/\/www.thaihungjsc.com\/vn\/wp-content\/uploads\/2021\/10\/dich-vu-c-02.jpg\"><img loading=\"lazy\" decoding=\"async\" width=\"839\" height=\"1024\" src=\"https:\/\/www.thaihungjsc.com\/vn\/wp-content\/uploads\/2021\/10\/dich-vu-c-02.jpg\" alt=\"\" data-id=\"128\" data-full-url=\"https:\/\/www.thaihungjsc.com\/vn\/wp-content\/uploads\/2021\/10\/dich-vu-c-02.jpg\" data-link=\"https:\/\/www.thaihungjsc.com\/vn\/index.php\/dich-vu\/dich-vu-c-02\/#main\" class=\"wp-image-128\" srcset=\"https:\/\/www.thaihungjsc.com\/vn\/wp-content\/uploads\/2021\/10\/dich-vu-c-02.jpg 839w, https:\/\/www.thaihungjsc.com\/vn\/wp-content\/uploads\/2021\/10\/dich-vu-c-02-246x300.jpg 246w, https:\/\/www.thaihungjsc.com\/vn\/wp-content\/uploads\/2021\/10\/dich-vu-c-02-768x937.jpg 768w\" sizes=\"auto, (max-width: 839px) 100vw, 839px\" \/><\/a><\/figure><\/li><li class=\"blocks-gallery-item\"><figure><a href=\"https:\/\/www.thaihungjsc.com\/vn\/wp-content\/uploads\/2021\/10\/dich-vu-c-01.jpg\"><img loading=\"lazy\" decoding=\"async\" width=\"812\" height=\"1024\" src=\"https:\/\/www.thaihungjsc.com\/vn\/wp-content\/uploads\/2021\/10\/dich-vu-c-01.jpg\" alt=\"\" data-id=\"129\" data-full-url=\"https:\/\/www.thaihungjsc.com\/vn\/wp-content\/uploads\/2021\/10\/dich-vu-c-01.jpg\" data-link=\"https:\/\/www.thaihungjsc.com\/vn\/index.php\/dich-vu\/dich-vu-c-01\/#main\" class=\"wp-image-129\" srcset=\"https:\/\/www.thaihungjsc.com\/vn\/wp-content\/uploads\/2021\/10\/dich-vu-c-01.jpg 812w, https:\/\/www.thaihungjsc.com\/vn\/wp-content\/uploads\/2021\/10\/dich-vu-c-01-238x300.jpg 238w, https:\/\/www.thaihungjsc.com\/vn\/wp-content\/uploads\/2021\/10\/dich-vu-c-01-768x969.jpg 768w\" sizes=\"auto, (max-width: 812px) 100vw, 812px\" \/><\/a><\/figure><\/li><\/ul><\/figure>\n\n\n\n<p>&#8211;<\/p>\n\n\n\n<ol class=\"wp-block-list\" start=\"4\" style=\"font-size:17px\"><li>D\u1ecbch V\u1ee5 \u0110o \u0110\u1ea1c Kh\u1ea3o S\u00e1t Bi\u1ec3n &amp; \u0110\u01b0\u1eddng Th\u1ee7y  <\/li><\/ol>\n\n\n\n<p>&#8211; <\/p>\n\n\n\n<figure class=\"wp-block-gallery columns-2 is-cropped wp-block-gallery-4 is-layout-flex wp-block-gallery-is-layout-flex\"><ul class=\"blocks-gallery-grid\"><li class=\"blocks-gallery-item\"><figure><a href=\"https:\/\/www.thaihungjsc.com\/vn\/wp-content\/uploads\/2021\/10\/dich-vu-d-02.jpg\"><img loading=\"lazy\" decoding=\"async\" width=\"1024\" height=\"692\" src=\"https:\/\/www.thaihungjsc.com\/vn\/wp-content\/uploads\/2021\/10\/dich-vu-d-02.jpg\" alt=\"\" data-id=\"133\" data-full-url=\"https:\/\/www.thaihungjsc.com\/vn\/wp-content\/uploads\/2021\/10\/dich-vu-d-02.jpg\" data-link=\"https:\/\/www.thaihungjsc.com\/vn\/index.php\/dich-vu\/dich-vu-d-02\/#main\" class=\"wp-image-133\" srcset=\"https:\/\/www.thaihungjsc.com\/vn\/wp-content\/uploads\/2021\/10\/dich-vu-d-02.jpg 1024w, https:\/\/www.thaihungjsc.com\/vn\/wp-content\/uploads\/2021\/10\/dich-vu-d-02-300x203.jpg 300w, https:\/\/www.thaihungjsc.com\/vn\/wp-content\/uploads\/2021\/10\/dich-vu-d-02-768x519.jpg 768w\" sizes=\"auto, (max-width: 1024px) 100vw, 1024px\" \/><\/a><\/figure><\/li><li class=\"blocks-gallery-item\"><figure><a href=\"https:\/\/www.thaihungjsc.com\/vn\/wp-content\/uploads\/2021\/10\/dich-vu-d-01.jpg\"><img loading=\"lazy\" decoding=\"async\" width=\"768\" height=\"1024\" src=\"https:\/\/www.thaihungjsc.com\/vn\/wp-content\/uploads\/2021\/10\/dich-vu-d-01.jpg\" alt=\"\" data-id=\"134\" data-full-url=\"https:\/\/www.thaihungjsc.com\/vn\/wp-content\/uploads\/2021\/10\/dich-vu-d-01.jpg\" data-link=\"https:\/\/www.thaihungjsc.com\/vn\/index.php\/dich-vu\/dich-vu-d-01\/#main\" class=\"wp-image-134\" srcset=\"https:\/\/www.thaihungjsc.com\/vn\/wp-content\/uploads\/2021\/10\/dich-vu-d-01.jpg 768w, https:\/\/www.thaihungjsc.com\/vn\/wp-content\/uploads\/2021\/10\/dich-vu-d-01-225x300.jpg 225w\" sizes=\"auto, (max-width: 768px) 100vw, 768px\" \/><\/a><\/figure><\/li><\/ul><\/figure>\n\n\n\n<p>&#8211;<\/p>\n\n\n\n<ol class=\"wp-block-list\" start=\"5\" style=\"font-size:17px\"><li>\u0110i\u1ec1u ti\u1ebft, \u0111\u1ea3m b\u1ea3o an to\u00e0n giao th\u00f4ng \u0111\u01b0\u1eddng th\u1ee7y &amp; c\u00e1c lu\u1ed3ng h\u00e0ng h\u1ea3i chuy\u00ean d\u1ee5ng<\/li><\/ol>\n\n\n\n<p>&#8211;<\/p>\n\n\n\n<figure class=\"wp-block-gallery columns-2 is-cropped wp-block-gallery-5 is-layout-flex wp-block-gallery-is-layout-flex\"><ul class=\"blocks-gallery-grid\"><li class=\"blocks-gallery-item\"><figure><a href=\"https:\/\/www.thaihungjsc.com\/vn\/wp-content\/uploads\/2021\/10\/dich-vu-e-02.jpg\"><img loading=\"lazy\" decoding=\"async\" width=\"800\" height=\"1024\" src=\"https:\/\/www.thaihungjsc.com\/vn\/wp-content\/uploads\/2021\/10\/dich-vu-e-02.jpg\" alt=\"\" data-id=\"136\" data-full-url=\"https:\/\/www.thaihungjsc.com\/vn\/wp-content\/uploads\/2021\/10\/dich-vu-e-02.jpg\" data-link=\"https:\/\/www.thaihungjsc.com\/vn\/index.php\/dich-vu\/dich-vu-e-02\/#main\" class=\"wp-image-136\" srcset=\"https:\/\/www.thaihungjsc.com\/vn\/wp-content\/uploads\/2021\/10\/dich-vu-e-02.jpg 800w, https:\/\/www.thaihungjsc.com\/vn\/wp-content\/uploads\/2021\/10\/dich-vu-e-02-234x300.jpg 234w, https:\/\/www.thaihungjsc.com\/vn\/wp-content\/uploads\/2021\/10\/dich-vu-e-02-768x983.jpg 768w\" sizes=\"auto, (max-width: 800px) 100vw, 800px\" \/><\/a><\/figure><\/li><li class=\"blocks-gallery-item\"><figure><a href=\"https:\/\/www.thaihungjsc.com\/vn\/wp-content\/uploads\/2021\/10\/dich-vu-e-01.jpg\"><img loading=\"lazy\" decoding=\"async\" width=\"1024\" height=\"768\" src=\"https:\/\/www.thaihungjsc.com\/vn\/wp-content\/uploads\/2021\/10\/dich-vu-e-01.jpg\" alt=\"\" data-id=\"137\" data-full-url=\"https:\/\/www.thaihungjsc.com\/vn\/wp-content\/uploads\/2021\/10\/dich-vu-e-01.jpg\" data-link=\"https:\/\/www.thaihungjsc.com\/vn\/index.php\/dich-vu\/dich-vu-e-01\/#main\" class=\"wp-image-137\" srcset=\"https:\/\/www.thaihungjsc.com\/vn\/wp-content\/uploads\/2021\/10\/dich-vu-e-01.jpg 1024w, https:\/\/www.thaihungjsc.com\/vn\/wp-content\/uploads\/2021\/10\/dich-vu-e-01-300x225.jpg 300w, https:\/\/www.thaihungjsc.com\/vn\/wp-content\/uploads\/2021\/10\/dich-vu-e-01-768x576.jpg 768w\" sizes=\"auto, (max-width: 1024px) 100vw, 1024px\" \/><\/a><\/figure><\/li><\/ul><\/figure>\n","protected":false},"excerpt":{"rendered":"<p>N\u1ea1o V\u00e9t C\u1ea3ng Bi\u1ec3n V\u00e0 Lu\u1ed3ng H\u00e0ng H\u1ea3i &#8211; &#8211; S\u1eeda Ch\u1eefa &amp; X\u00e2y D\u1ef1ng C\u00f4ng Tr\u00ecnh Th\u1ee7y &#8211; &#8211; \u0110\u00f3ng M\u1edbi &amp; L\u1eafp \u0110\u1eb7t Phao Ti\u00eau, B\u00e1o Hi\u1ec7u &#8211; &#8211; D\u1ecbch V\u1ee5 \u0110o \u0110\u1ea1c Kh\u1ea3o S\u00e1t Bi\u1ec3n &amp; \u0110\u01b0\u1eddng Th\u1ee7y &#8211; &#8211; \u0110i\u1ec1u ti\u1ebft, \u0111\u1ea3m b\u1ea3o an to\u00e0n giao th\u00f4ng \u0111\u01b0\u1eddng th\u1ee7y &amp; c\u00e1c [&hellip;]<\/p>\n","protected":false},"author":1,"featured_media":39,"parent":0,"menu_order":3,"comment_status":"closed","ping_status":"closed","template":"","meta":{"footnotes":""},"class_list":["post-27","page","type-page","status-publish","has-post-thumbnail","hentry"],"_links":{"self":[{"href":"https:\/\/www.thaihungjsc.com\/vn\/index.php\/wp-json\/wp\/v2\/pages\/27","targetHints":{"allow":["GET"]}}],"collection":[{"href":"https:\/\/www.thaihungjsc.com\/vn\/index.php\/wp-json\/wp\/v2\/pages"}],"about":[{"href":"https:\/\/www.thaihungjsc.com\/vn\/index.php\/wp-json\/wp\/v2\/types\/page"}],"author":[{"embeddable":true,"href":"https:\/\/www.thaihungjsc.com\/vn\/index.php\/wp-json\/wp\/v2\/users\/1"}],"replies":[{"embeddable":true,"href":"https:\/\/www.thaihungjsc.com\/vn\/index.php\/wp-json\/wp\/v2\/comments?post=27"}],"version-history":[{"count":14,"href":"https:\/\/www.thaihungjsc.com\/vn\/index.php\/wp-json\/wp\/v2\/pages\/27\/revisions"}],"predecessor-version":[{"id":138,"href":"https:\/\/www.thaihungjsc.com\/vn\/index.php\/wp-json\/wp\/v2\/pages\/27\/revisions\/138"}],"wp:featuredmedia":[{"embeddable":true,"href":"https:\/\/www.thaihungjsc.com\/vn\/index.php\/wp-json\/wp\/v2\/media\/39"}],"wp:attachment":[{"href":"https:\/\/www.thaihungjsc.com\/vn\/index.php\/wp-json\/wp\/v2\/media?parent=27"}],"curies":[{"name":"wp","href":"https:\/\/api.w.org\/{rel}","templated":true}]}}