{"id":63,"date":"2021-10-17T07:26:36","date_gmt":"2021-10-17T07:26:36","guid":{"rendered":"https:\/\/www.thaihungjsc.com\/vn\/?page_id=63"},"modified":"2022-06-24T08:12:21","modified_gmt":"2022-06-24T08:12:21","slug":"tu-cach-phap-nhan","status":"publish","type":"page","link":"https:\/\/www.thaihungjsc.com\/vn\/index.php\/gioi-thieu\/tu-cach-phap-nhan\/","title":{"rendered":"T\u01b0 C\u00e1ch Ph\u00e1p Nh\u00e2n"},"content":{"rendered":"\n<p style=\"font-size:18px\"><strong>1. Th\u00f4ng Tin Chung<\/strong><\/p>\n\n\n\n<p class=\"has-small-font-size\">T\u00ean c\u00f4ng ty: <strong>C\u00f4ng ty C\u1ed5 Ph\u1ea7n \u0110\u1ea7u t\u01b0 X\u00e2y d\u1ef1ng Th\u00e1i H\u01b0ng<\/strong><\/p>\n\n\n\n<p class=\"has-small-font-size\">T\u00ean vi\u1ebft t\u1eaft: <strong>THAI HUNG INCO JSC<\/strong><\/p>\n\n\n\n<p class=\"has-small-font-size\">Gi\u1ea5y ch\u1ee9ng nh\u1eadn \u0111\u0103ng k\u00fd kinh doanh s\u1ed1 0311470463 c\u1ea5p b\u1edfi S\u1edf k\u1ebf ho\u1ea1ch&nbsp;v\u00e0 \u0111\u1ea7u t\u01b0 Tp. H\u1ed3 Ch\u00ed Minh <\/p>\n\n\n\n<p class=\"has-small-font-size\">M\u00e3 s\u1ed1 thu\u1ebf: 0311470463<\/p>\n\n\n\n<p class=\"has-small-font-size\">\u0110\u1ecba ch\u1ec9: S\u1ed1 31 \u0111\u01b0\u1eddng 11, Khu ph\u1ed1 4, Ph\u01b0\u1eddng An Kh\u00e1nh, TP. Th\u1ee7 \u0110\u1ee9c, TP.HCM<\/p>\n\n\n\n<p class=\"has-small-font-size\">\u0110i\u1ec7n tho\u1ea1i: +84 8 3620.8186 &#8211; Fax: +84 8 3620.8286<\/p>\n\n\n\n<p style=\"font-size:18px\"><strong>2. \u0110\u1ea1i di\u1ec7n h\u1ee3p ph\u00e1p c\u1ee7a C\u00f4ng ty<\/strong><\/p>\n\n\n\n<p class=\"has-small-font-size\">\u00d4ng: <strong>Tr\u1ea7n Thanh T\u00f9ng<\/strong> \/ Ch\u1ee9c V\u1ee5: Gi\u00e1m \u0110\u1ed1c<\/p>\n\n\n\n<p style=\"font-size:18px\"><strong>3. Ng\u00e2n h\u00e0ng giao d\u1ecbch<\/strong><\/p>\n\n\n\n<p class=\"has-small-font-size\">T\u00e0i kho\u1ea3n s\u1ed1: 3101 0000 974 238<\/p>\n\n\n\n<p class=\"has-small-font-size\">Ng\u00e2n h\u00e0ng: ng\u00e2n h\u00e0ng \u0110\u1ea7u t\u01b0 v\u00e0 Ph\u00e1t tri\u1ec3n Vi\u1ec7t Nam \u2013 Chi nh\u00e1nh B\u00ecnh Th\u1ea1nh, TP. HCM<\/p>\n\n\n\n<p style=\"font-size:18px\"><strong>4. Ng\u00e0nh Ngh\u1ec1 Ho\u1ea1t \u0110\u1ed9ng<\/strong><\/p>\n\n\n\n<p class=\"has-small-font-size\">X\u00e2y d\u1ef1ng nh\u00e0 c\u00e1c lo\u1ea1i \/ 4100<\/p>\n\n\n\n<p class=\"has-small-font-size\">X\u00e2y d\u1ef1ng c\u00f4ng tr\u00ecnh \u0111\u01b0\u1eddng s\u1eaft v\u00e0 \u0111\u01b0\u1eddng b\u1ed9 \/ 4210<\/p>\n\n\n\n<p class=\"has-small-font-size\">X\u00e2y d\u1ef1ng c\u00f4ng tr\u00ecnh c\u00f4ng \u00edch \/ 4220<\/p>\n\n\n\n<p class=\"has-small-font-size\">X\u00e2y d\u1ef1ng c\u00f4ng tr\u00ecnh k\u1ef9 thu\u1eadt d\u00e2n d\u1ee5ng kh\u00e1c. Chi ti\u1ebft: N\u1ea1o v\u00e9t k\u00eanh r\u1ea1ch, s\u00f4ng bi\u1ec3n, v\u0169ng quay t\u00e0u, v\u00f9ng n\u01b0\u1edbc c\u1ea3ng,<\/p>\n\n\n\n<p class=\"has-small-font-size\">X\u00e2y d\u1ef1ng c\u00f4ng tr\u00ecnh \u0111\u01b0\u1eddng th\u1ee7y\u2026 \/ 4390<\/p>\n\n\n\n<p class=\"has-small-font-size\">Ph\u00e1 d\u1ee1 \/ 4311<\/p>\n\n\n\n<p class=\"has-small-font-size\">Chu\u1ea9n b\u1ecb m\u1eb7t b\u1eb1ng \/ 4312<\/p>\n\n\n\n<p class=\"has-small-font-size\">Cho thu\u00ea xe c\u00f3 \u0111\u1ed9ng c\u01a1 \/ 7710<\/p>\n\n\n\n<p class=\"has-small-font-size\">Cho thu\u00ea m\u00e1y m\u00f3c, thi\u00eat b\u1ecb v\u00e0 \u0111\u1ed3 d\u00f9ng h\u1eefu h\u00ecnh kh\u00e1c. Chi ti\u1ebft: Cho thu\u00ea m\u00e1y m\u00f3c v\u00e0 thi\u1ebft b\u1ecb x\u00e2y d\u1ef1ng v\u00e0 k\u1ef9 thu\u1eadt d\u00e2n d\u1ee5ng \/ 7730<\/p>\n","protected":false},"excerpt":{"rendered":"<p>1. Th\u00f4ng Tin Chung T\u00ean c\u00f4ng ty: C\u00f4ng ty C\u1ed5 Ph\u1ea7n \u0110\u1ea7u t\u01b0 X\u00e2y d\u1ef1ng Th\u00e1i H\u01b0ng T\u00ean vi\u1ebft t\u1eaft: THAI HUNG INCO JSC Gi\u1ea5y ch\u1ee9ng nh\u1eadn \u0111\u0103ng k\u00fd kinh doanh s\u1ed1 0311470463 c\u1ea5p b\u1edfi S\u1edf k\u1ebf ho\u1ea1ch&nbsp;v\u00e0 \u0111\u1ea7u t\u01b0 Tp. H\u1ed3 Ch\u00ed Minh M\u00e3 s\u1ed1 thu\u1ebf: 0311470463 \u0110\u1ecba ch\u1ec9: S\u1ed1 31 \u0111\u01b0\u1eddng 11, Khu [&hellip;]<\/p>\n","protected":false},"author":1,"featured_media":0,"parent":69,"menu_order":1,"comment_status":"closed","ping_status":"closed","template":"","meta":{"footnotes":""},"class_list":["post-63","page","type-page","status-publish","hentry"],"_links":{"self":[{"href":"https:\/\/www.thaihungjsc.com\/vn\/index.php\/wp-json\/wp\/v2\/pages\/63","targetHints":{"allow":["GET"]}}],"collection":[{"href":"https:\/\/www.thaihungjsc.com\/vn\/index.php\/wp-json\/wp\/v2\/pages"}],"about":[{"href":"https:\/\/www.thaihungjsc.com\/vn\/index.php\/wp-json\/wp\/v2\/types\/page"}],"author":[{"embeddable":true,"href":"https:\/\/www.thaihungjsc.com\/vn\/index.php\/wp-json\/wp\/v2\/users\/1"}],"replies":[{"embeddable":true,"href":"https:\/\/www.thaihungjsc.com\/vn\/index.php\/wp-json\/wp\/v2\/comments?post=63"}],"version-history":[{"count":28,"href":"https:\/\/www.thaihungjsc.com\/vn\/index.php\/wp-json\/wp\/v2\/pages\/63\/revisions"}],"predecessor-version":[{"id":474,"href":"https:\/\/www.thaihungjsc.com\/vn\/index.php\/wp-json\/wp\/v2\/pages\/63\/revisions\/474"}],"up":[{"embeddable":true,"href":"https:\/\/www.thaihungjsc.com\/vn\/index.php\/wp-json\/wp\/v2\/pages\/69"}],"wp:attachment":[{"href":"https:\/\/www.thaihungjsc.com\/vn\/index.php\/wp-json\/wp\/v2\/media?parent=63"}],"curies":[{"name":"wp","href":"https:\/\/api.w.org\/{rel}","templated":true}]}}